{"id":363,"date":"2023-03-27T08:02:43","date_gmt":"2023-03-27T06:02:43","guid":{"rendered":"http:\/\/serwer2225748.home.pl\/namtor\/namtor\/"},"modified":"2025-02-06T14:06:50","modified_gmt":"2025-02-06T13:06:50","slug":"namtor","status":"publish","type":"page","link":"https:\/\/namtor.eu\/de\/","title":{"rendered":"Bau und Modernisierung von Eisenbahngleisen"},"content":{"rendered":"<p>[et_pb_section fb_built=&#8220;1&#8243; fullwidth=&#8220;on&#8220; _builder_version=&#8220;4.20.2&#8243; _module_preset=&#8220;default&#8220; background_color=&#8220;#000000&#8243; global_colors_info=&#8220;{}&#8220;][et_pb_nextend_smart_slider_3_fullwidth slider=&#8220;6&#8243; disabled_on=&#8220;on|on|off&#8220; _builder_version=&#8220;4.21.0&#8243; _module_preset=&#8220;default&#8220; global_colors_info=&#8220;{}&#8220; hover_enabled=&#8220;0&#8243; sticky_enabled=&#8220;0&#8243;][\/et_pb_nextend_smart_slider_3_fullwidth][et_pb_nextend_smart_slider_3_fullwidth slider=&#8220;7&#8243; disabled_on=&#8220;off|off|on&#8220; _builder_version=&#8220;4.21.0&#8243; _module_preset=&#8220;default&#8220; global_colors_info=&#8220;{}&#8220;][\/et_pb_nextend_smart_slider_3_fullwidth][\/et_pb_section][et_pb_section fb_built=&#8220;1&#8243; module_id=&#8220;druga&#8220; _builder_version=&#8220;4.20.2&#8243; _module_preset=&#8220;default&#8220; background_image=&#8220;https:\/\/namtor.eu\/wp-content\/uploads\/tlo-hp-1.jpg&#8220; background_enable_mask_style=&#8220;on&#8220; background_mask_style=&#8220;diagonal-bars&#8220; background_mask_color=&#8220;#fcfcfc&#8220; background_mask_transform=&#8220;flip_horizontal&#8220; global_colors_info=&#8220;{}&#8220;][et_pb_row column_structure=&#8220;1_2,1_2&#8243; custom_padding_last_edited=&#8220;on|phone&#8220; _builder_version=&#8220;4.20.2&#8243; _module_preset=&#8220;default&#8220; custom_padding=&#8220;55px||||false|false&#8220; custom_padding_tablet=&#8220;0px||||false|false&#8220; custom_padding_phone=&#8220;0px||||false|false&#8220; global_colors_info=&#8220;{}&#8220;][et_pb_column type=&#8220;1_2&#8243; _builder_version=&#8220;4.20.2&#8243; _module_preset=&#8220;default&#8220; global_colors_info=&#8220;{}&#8220;][et_pb_image src=&#8220;https:\/\/namtor.eu\/wp-content\/uploads\/about.jpg&#8220; title_text=&#8220;about&#8220; disabled_on=&#8220;on|on|off&#8220; _builder_version=&#8220;4.20.2&#8243; _module_preset=&#8220;default&#8220; scroll_horizontal_motion=&#8220;0|51|51|100|1|0|-1&#8243; global_colors_info=&#8220;{}&#8220;][\/et_pb_image][\/et_pb_column][et_pb_column type=&#8220;1_2&#8243; _builder_version=&#8220;4.20.2&#8243; _module_preset=&#8220;default&#8220; global_colors_info=&#8220;{}&#8220;][et_pb_text admin_label=&#8220;Jeste\u015bmy dynamicznie&#8220; _builder_version=&#8220;4.21.0&#8243; _module_preset=&#8220;default&#8220; custom_margin=&#8220;55px||||false|false&#8220; custom_margin_tablet=&#8220;0px||||false|false&#8220; custom_margin_phone=&#8220;0px||||false|false&#8220; custom_margin_last_edited=&#8220;on|phone&#8220; global_colors_info=&#8220;{}&#8220;]<\/p>\n<p><a href=\"https:\/\/namtor.eu\/wp-content\/uploads\/loho-ikona.svg\"><img loading=\"lazy\" decoding=\"async\" class=\"wp-image-117 alignnone \" src=\"https:\/\/namtor.eu\/wp-content\/uploads\/loho-ikona.svg\" alt=\"\" width=\"96\" height=\"68\" \/><\/a><\/p>\n<p>&nbsp;<\/p>\n<p>Unsere Welt ver\u00e4ndert sich immer schneller und die Eisenbahninfrastruktur steht im Mittelpunkt dieser Entwicklung &#8211; dessen sind wir uns bewusst, so wie Du!<\/p>\n<p>Immer gr\u00f6\u00dfere Investitionen in die Entwicklung und Modernisierung der Eisenbahninfrastruktur werden in allen L\u00e4ndern Europas get\u00e4tigt. Auch wenn diese Entwicklung mit immer moderneren Maschinen korreliert, wissen wir alle, dass diese niemals die gr\u00f6\u00dfte Kraft der Welt ersetzen k\u00f6nnen &#8211; den Menschen.\u00a0<\/p>\n<p><strong>Und genau hier kommt NAMTOR ins Spiel!\u00a0<\/strong><\/p>\n<p>[\/et_pb_text][\/et_pb_column][\/et_pb_row][\/et_pb_section][et_pb_section fb_built=&#8220;1&#8243; fullwidth=&#8220;on&#8220; _builder_version=&#8220;4.20.2&#8243; _module_preset=&#8220;default&#8220; global_colors_info=&#8220;{}&#8220;][et_pb_nextend_smart_slider_3_fullwidth slider=&#8220;8&#8243; _builder_version=&#8220;4.21.0&#8243; _module_preset=&#8220;default&#8220; global_colors_info=&#8220;{}&#8220;][\/et_pb_nextend_smart_slider_3_fullwidth][\/et_pb_section]<\/p>\n","protected":false},"excerpt":{"rendered":"<p>&nbsp; Unsere Welt ver\u00e4ndert sich immer schneller und die Eisenbahninfrastruktur steht im Mittelpunkt dieser Entwicklung &#8211; dessen sind wir uns bewusst, so wie Du! Immer gr\u00f6\u00dfere Investitionen in die Entwicklung und Modernisierung der Eisenbahninfrastruktur werden in allen L\u00e4ndern Europas get\u00e4tigt. Auch wenn diese Entwicklung mit immer moderneren Maschinen korreliert, wissen wir alle, dass diese niemals [&hellip;]<\/p>\n","protected":false},"author":4,"featured_media":463,"parent":0,"menu_order":0,"comment_status":"closed","ping_status":"closed","template":"","meta":{"_et_pb_use_builder":"on","_et_pb_old_content":"","_et_gb_content_width":"","footnotes":""},"class_list":["post-363","page","type-page","status-publish","has-post-thumbnail","hentry"],"yoast_head":"<!-- This site is optimized with the Yoast SEO plugin v27.3 - https:\/\/yoast.com\/product\/yoast-seo-wordpress\/ -->\n<title>Bau und Modernisierung von Eisenbahngleisen - NAMTOR<\/title>\n<meta name=\"description\" content=\"Modernisierung der Bahninfrastruktur und der damit verbundenen Infrastruktur. Wir handeln ganzheitlich. Informieren Sie sich \u00fcber unser gesamtes Angebot!\" \/>\n<meta name=\"robots\" content=\"index, follow, max-snippet:-1, max-image-preview:large, max-video-preview:-1\" \/>\n<link rel=\"canonical\" href=\"https:\/\/namtor.eu\/\" \/>\n<meta property=\"og:locale\" content=\"de_DE\" \/>\n<meta property=\"og:type\" content=\"article\" \/>\n<meta property=\"og:title\" content=\"Bau und Modernisierung von Eisenbahngleisen - NAMTOR\" \/>\n<meta property=\"og:description\" content=\"Modernisierung der Bahninfrastruktur und der damit verbundenen Infrastruktur. Wir handeln ganzheitlich. Informieren Sie sich \u00fcber unser gesamtes Angebot!\" \/>\n<meta property=\"og:url\" content=\"https:\/\/namtor.eu\/\" \/>\n<meta property=\"og:site_name\" content=\"NAMTOR\" \/>\n<meta property=\"article:modified_time\" content=\"2025-02-06T13:06:50+00:00\" \/>\n<meta property=\"og:image\" content=\"https:\/\/namtor.eu\/wp-content\/uploads\/logo-duze.png\" \/>\n\t<meta property=\"og:image:width\" content=\"585\" \/>\n\t<meta property=\"og:image:height\" content=\"585\" \/>\n\t<meta property=\"og:image:type\" content=\"image\/png\" \/>\n<meta name=\"twitter:card\" content=\"summary_large_image\" \/>\n<meta name=\"twitter:label1\" content=\"Gesch\u00e4tzte Lesezeit\" \/>\n\t<meta name=\"twitter:data1\" content=\"2\u00a0Minuten\" \/>\n<script type=\"application\/ld+json\" class=\"yoast-schema-graph\">{\"@context\":\"https:\\\/\\\/schema.org\",\"@graph\":[{\"@type\":\"WebPage\",\"@id\":\"https:\\\/\\\/namtor.eu\\\/\",\"url\":\"https:\\\/\\\/namtor.eu\\\/\",\"name\":\"Bau und Modernisierung von Eisenbahngleisen - NAMTOR\",\"isPartOf\":{\"@id\":\"https:\\\/\\\/namtor.eu\\\/#website\"},\"primaryImageOfPage\":{\"@id\":\"https:\\\/\\\/namtor.eu\\\/#primaryimage\"},\"image\":{\"@id\":\"https:\\\/\\\/namtor.eu\\\/#primaryimage\"},\"thumbnailUrl\":\"https:\\\/\\\/namtor.eu\\\/wp-content\\\/uploads\\\/logo-duze.png\",\"datePublished\":\"2023-03-27T06:02:43+00:00\",\"dateModified\":\"2025-02-06T13:06:50+00:00\",\"description\":\"Modernisierung der Bahninfrastruktur und der damit verbundenen Infrastruktur. Wir handeln ganzheitlich. Informieren Sie sich \u00fcber unser gesamtes Angebot!\",\"breadcrumb\":{\"@id\":\"https:\\\/\\\/namtor.eu\\\/#breadcrumb\"},\"inLanguage\":\"de\",\"potentialAction\":[{\"@type\":\"ReadAction\",\"target\":[\"https:\\\/\\\/namtor.eu\\\/\"]}]},{\"@type\":\"ImageObject\",\"inLanguage\":\"de\",\"@id\":\"https:\\\/\\\/namtor.eu\\\/#primaryimage\",\"url\":\"https:\\\/\\\/namtor.eu\\\/wp-content\\\/uploads\\\/logo-duze.png\",\"contentUrl\":\"https:\\\/\\\/namtor.eu\\\/wp-content\\\/uploads\\\/logo-duze.png\",\"width\":585,\"height\":585,\"caption\":\"NAMTOR\"},{\"@type\":\"BreadcrumbList\",\"@id\":\"https:\\\/\\\/namtor.eu\\\/#breadcrumb\",\"itemListElement\":[{\"@type\":\"ListItem\",\"position\":1,\"name\":\"Strona g\u0142\u00f3wna\",\"item\":\"https:\\\/\\\/namtor.eu\\\/\"},{\"@type\":\"ListItem\",\"position\":2,\"name\":\"Bau und Modernisierung von Eisenbahngleisen\"}]},{\"@type\":\"WebSite\",\"@id\":\"https:\\\/\\\/namtor.eu\\\/#website\",\"url\":\"https:\\\/\\\/namtor.eu\\\/\",\"name\":\"NAMTOR\",\"description\":\"Budowa i modernizacja tor\u00f3w kolejowych\",\"publisher\":{\"@id\":\"https:\\\/\\\/namtor.eu\\\/#organization\"},\"potentialAction\":[{\"@type\":\"SearchAction\",\"target\":{\"@type\":\"EntryPoint\",\"urlTemplate\":\"https:\\\/\\\/namtor.eu\\\/?s={search_term_string}\"},\"query-input\":{\"@type\":\"PropertyValueSpecification\",\"valueRequired\":true,\"valueName\":\"search_term_string\"}}],\"inLanguage\":\"de\"},{\"@type\":\"Organization\",\"@id\":\"https:\\\/\\\/namtor.eu\\\/#organization\",\"name\":\"NAMTOR\",\"url\":\"https:\\\/\\\/namtor.eu\\\/\",\"logo\":{\"@type\":\"ImageObject\",\"inLanguage\":\"de\",\"@id\":\"https:\\\/\\\/namtor.eu\\\/#\\\/schema\\\/logo\\\/image\\\/\",\"url\":\"https:\\\/\\\/namtor.eu\\\/wp-content\\\/uploads\\\/logo-duze.png\",\"contentUrl\":\"https:\\\/\\\/namtor.eu\\\/wp-content\\\/uploads\\\/logo-duze.png\",\"width\":585,\"height\":585,\"caption\":\"NAMTOR\"},\"image\":{\"@id\":\"https:\\\/\\\/namtor.eu\\\/#\\\/schema\\\/logo\\\/image\\\/\"}}]}<\/script>\n<!-- \/ Yoast SEO plugin. -->","yoast_head_json":{"title":"Bau und Modernisierung von Eisenbahngleisen - NAMTOR","description":"Modernisierung der Bahninfrastruktur und der damit verbundenen Infrastruktur. Wir handeln ganzheitlich. Informieren Sie sich \u00fcber unser gesamtes Angebot!","robots":{"index":"index","follow":"follow","max-snippet":"max-snippet:-1","max-image-preview":"max-image-preview:large","max-video-preview":"max-video-preview:-1"},"canonical":"https:\/\/namtor.eu\/","og_locale":"de_DE","og_type":"article","og_title":"Bau und Modernisierung von Eisenbahngleisen - NAMTOR","og_description":"Modernisierung der Bahninfrastruktur und der damit verbundenen Infrastruktur. Wir handeln ganzheitlich. Informieren Sie sich \u00fcber unser gesamtes Angebot!","og_url":"https:\/\/namtor.eu\/","og_site_name":"NAMTOR","article_modified_time":"2025-02-06T13:06:50+00:00","og_image":[{"width":585,"height":585,"url":"https:\/\/namtor.eu\/wp-content\/uploads\/logo-duze.png","type":"image\/png"}],"twitter_card":"summary_large_image","twitter_misc":{"Gesch\u00e4tzte Lesezeit":"2\u00a0Minuten"},"schema":{"@context":"https:\/\/schema.org","@graph":[{"@type":"WebPage","@id":"https:\/\/namtor.eu\/","url":"https:\/\/namtor.eu\/","name":"Bau und Modernisierung von Eisenbahngleisen - NAMTOR","isPartOf":{"@id":"https:\/\/namtor.eu\/#website"},"primaryImageOfPage":{"@id":"https:\/\/namtor.eu\/#primaryimage"},"image":{"@id":"https:\/\/namtor.eu\/#primaryimage"},"thumbnailUrl":"https:\/\/namtor.eu\/wp-content\/uploads\/logo-duze.png","datePublished":"2023-03-27T06:02:43+00:00","dateModified":"2025-02-06T13:06:50+00:00","description":"Modernisierung der Bahninfrastruktur und der damit verbundenen Infrastruktur. Wir handeln ganzheitlich. Informieren Sie sich \u00fcber unser gesamtes Angebot!","breadcrumb":{"@id":"https:\/\/namtor.eu\/#breadcrumb"},"inLanguage":"de","potentialAction":[{"@type":"ReadAction","target":["https:\/\/namtor.eu\/"]}]},{"@type":"ImageObject","inLanguage":"de","@id":"https:\/\/namtor.eu\/#primaryimage","url":"https:\/\/namtor.eu\/wp-content\/uploads\/logo-duze.png","contentUrl":"https:\/\/namtor.eu\/wp-content\/uploads\/logo-duze.png","width":585,"height":585,"caption":"NAMTOR"},{"@type":"BreadcrumbList","@id":"https:\/\/namtor.eu\/#breadcrumb","itemListElement":[{"@type":"ListItem","position":1,"name":"Strona g\u0142\u00f3wna","item":"https:\/\/namtor.eu\/"},{"@type":"ListItem","position":2,"name":"Bau und Modernisierung von Eisenbahngleisen"}]},{"@type":"WebSite","@id":"https:\/\/namtor.eu\/#website","url":"https:\/\/namtor.eu\/","name":"NAMTOR","description":"Budowa i modernizacja tor\u00f3w kolejowych","publisher":{"@id":"https:\/\/namtor.eu\/#organization"},"potentialAction":[{"@type":"SearchAction","target":{"@type":"EntryPoint","urlTemplate":"https:\/\/namtor.eu\/?s={search_term_string}"},"query-input":{"@type":"PropertyValueSpecification","valueRequired":true,"valueName":"search_term_string"}}],"inLanguage":"de"},{"@type":"Organization","@id":"https:\/\/namtor.eu\/#organization","name":"NAMTOR","url":"https:\/\/namtor.eu\/","logo":{"@type":"ImageObject","inLanguage":"de","@id":"https:\/\/namtor.eu\/#\/schema\/logo\/image\/","url":"https:\/\/namtor.eu\/wp-content\/uploads\/logo-duze.png","contentUrl":"https:\/\/namtor.eu\/wp-content\/uploads\/logo-duze.png","width":585,"height":585,"caption":"NAMTOR"},"image":{"@id":"https:\/\/namtor.eu\/#\/schema\/logo\/image\/"}}]}},"_links":{"self":[{"href":"https:\/\/namtor.eu\/de\/wp-json\/wp\/v2\/pages\/363","targetHints":{"allow":["GET"]}}],"collection":[{"href":"https:\/\/namtor.eu\/de\/wp-json\/wp\/v2\/pages"}],"about":[{"href":"https:\/\/namtor.eu\/de\/wp-json\/wp\/v2\/types\/page"}],"author":[{"embeddable":true,"href":"https:\/\/namtor.eu\/de\/wp-json\/wp\/v2\/users\/4"}],"replies":[{"embeddable":true,"href":"https:\/\/namtor.eu\/de\/wp-json\/wp\/v2\/comments?post=363"}],"version-history":[{"count":6,"href":"https:\/\/namtor.eu\/de\/wp-json\/wp\/v2\/pages\/363\/revisions"}],"predecessor-version":[{"id":726,"href":"https:\/\/namtor.eu\/de\/wp-json\/wp\/v2\/pages\/363\/revisions\/726"}],"wp:featuredmedia":[{"embeddable":true,"href":"https:\/\/namtor.eu\/de\/wp-json\/wp\/v2\/media\/463"}],"wp:attachment":[{"href":"https:\/\/namtor.eu\/de\/wp-json\/wp\/v2\/media?parent=363"}],"curies":[{"name":"wp","href":"https:\/\/api.w.org\/{rel}","templated":true}]}}