{"id":366,"date":"2023-03-27T08:00:44","date_gmt":"2023-03-27T06:00:44","guid":{"rendered":"http:\/\/serwer2225748.home.pl\/namtor\/o-nas\/"},"modified":"2025-02-06T14:12:30","modified_gmt":"2025-02-06T13:12:30","slug":"ueber-uns","status":"publish","type":"page","link":"https:\/\/namtor.eu\/de\/ueber-uns\/","title":{"rendered":"\u00dcber uns"},"content":{"rendered":"<p>[et_pb_section fb_built=&#8220;1&#8243; module_class=&#8220;sekcja-full&#8220; _builder_version=&#8220;4.20.2&#8243; _module_preset=&#8220;default&#8220; background_image=&#8220;https:\/\/namtor.eu\/wp-content\/uploads\/slider-mobile.jpg&#8220; global_colors_info=&#8220;{}&#8220;][et_pb_row column_structure=&#8220;1_2,1_2&#8243; _builder_version=&#8220;4.20.2&#8243; _module_preset=&#8220;default&#8220; global_colors_info=&#8220;{}&#8220;][et_pb_column type=&#8220;1_2&#8243; _builder_version=&#8220;4.20.2&#8243; _module_preset=&#8220;default&#8220; global_colors_info=&#8220;{}&#8220;][et_pb_text module_class=&#8220;opis-podstrony punkty tresc-onas tresc-nawierzchnia&#8220; _builder_version=&#8220;4.27.4&#8243; _module_preset=&#8220;default&#8220; text_text_color=&#8220;#FFFFFF&#8220; header_text_color=&#8220;#FFFFFF&#8220; hover_enabled=&#8220;0&#8243; global_colors_info=&#8220;{}&#8220; sticky_enabled=&#8220;0&#8243;]<\/p>\n<h1>\u00dcber Uns<\/h1>\n<p>&nbsp;<\/p>\n<p>NAMTOR ist seit 2019 auf dem Markt t\u00e4tig. Wir erbringen Dienstleistungen als Subunternehmer f\u00fcr den Bau und die Modernisierung von Eisenbahnanlagen. Wir f\u00fchren Auftr\u00e4ge in ganz Europa aus, sowohl f\u00fcr Gro\u00df- als auch f\u00fcr Kleinunternehmen.<br \/>\nSt\u00e4ndige Weiterbildung und die Personalentwicklung sind f\u00fcr uns von h\u00f6chster Priorit\u00e4t.<br \/>\nWir verf\u00fcgen \u00fcber einen voll ausgestatteten Fuhrpark und einen ausreichenden technischen Hintergrund.<br \/>\nJahr f\u00fcr Jahr gewinnen wir immer mehr zufriedene Kunden, wodurch wir st\u00e4ndig wachsen. Haben wir Ihr Interesse geweckt? Setzen Sie sich mit uns in Verbindung. Wir sind gerne f\u00fcr Sie da![\/et_pb_text][\/et_pb_column][et_pb_column type=&#8220;1_2&#8243; _builder_version=&#8220;4.20.2&#8243; _module_preset=&#8220;default&#8220; global_colors_info=&#8220;{}&#8220;][\/et_pb_column][\/et_pb_row][\/et_pb_section]<\/p>\n","protected":false},"excerpt":{"rendered":"<p>\u00dcber Uns &nbsp; NAMTOR ist seit 2019 auf dem Markt t\u00e4tig. Wir erbringen Dienstleistungen als Subunternehmer f\u00fcr den Bau und die Modernisierung von Eisenbahnanlagen. Wir f\u00fchren Auftr\u00e4ge in ganz Europa aus, sowohl f\u00fcr Gro\u00df- als auch f\u00fcr Kleinunternehmen. St\u00e4ndige Weiterbildung und die Personalentwicklung sind f\u00fcr uns von h\u00f6chster Priorit\u00e4t. Wir verf\u00fcgen \u00fcber einen voll ausgestatteten [&hellip;]<\/p>\n","protected":false},"author":4,"featured_media":0,"parent":0,"menu_order":0,"comment_status":"closed","ping_status":"closed","template":"","meta":{"_et_pb_use_builder":"on","_et_pb_old_content":"<!-- wp:divi\/placeholder \/-->","_et_gb_content_width":"","footnotes":""},"class_list":["post-366","page","type-page","status-publish","hentry"],"yoast_head":"<!-- This site is optimized with the Yoast SEO plugin v27.3 - https:\/\/yoast.com\/product\/yoast-seo-wordpress\/ -->\n<title>\u00dcber uns - NAMTOR<\/title>\n<meta name=\"robots\" content=\"index, follow, max-snippet:-1, max-image-preview:large, max-video-preview:-1\" \/>\n<link rel=\"canonical\" href=\"https:\/\/namtor.eu\/de\/ueber-uns\/\" \/>\n<meta property=\"og:locale\" content=\"de_DE\" \/>\n<meta property=\"og:type\" content=\"article\" \/>\n<meta property=\"og:title\" content=\"\u00dcber uns - NAMTOR\" \/>\n<meta property=\"og:description\" content=\"\u00dcber Uns &nbsp; NAMTOR ist seit 2019 auf dem Markt t\u00e4tig. Wir erbringen Dienstleistungen als Subunternehmer f\u00fcr den Bau und die Modernisierung von Eisenbahnanlagen. Wir f\u00fchren Auftr\u00e4ge in ganz Europa aus, sowohl f\u00fcr Gro\u00df- als auch f\u00fcr Kleinunternehmen. St\u00e4ndige Weiterbildung und die Personalentwicklung sind f\u00fcr uns von h\u00f6chster Priorit\u00e4t. Wir verf\u00fcgen \u00fcber einen voll ausgestatteten [&hellip;]\" \/>\n<meta property=\"og:url\" content=\"https:\/\/namtor.eu\/de\/ueber-uns\/\" \/>\n<meta property=\"og:site_name\" content=\"NAMTOR\" \/>\n<meta property=\"article:modified_time\" content=\"2025-02-06T13:12:30+00:00\" \/>\n<meta name=\"twitter:card\" content=\"summary_large_image\" \/>\n<meta name=\"twitter:label1\" content=\"Gesch\u00e4tzte Lesezeit\" \/>\n\t<meta name=\"twitter:data1\" content=\"1\u00a0Minute\" \/>\n<script type=\"application\/ld+json\" class=\"yoast-schema-graph\">{\"@context\":\"https:\\\/\\\/schema.org\",\"@graph\":[{\"@type\":\"WebPage\",\"@id\":\"https:\\\/\\\/namtor.eu\\\/de\\\/ueber-uns\\\/\",\"url\":\"https:\\\/\\\/namtor.eu\\\/de\\\/ueber-uns\\\/\",\"name\":\"\u00dcber uns - NAMTOR\",\"isPartOf\":{\"@id\":\"https:\\\/\\\/namtor.eu\\\/#website\"},\"datePublished\":\"2023-03-27T06:00:44+00:00\",\"dateModified\":\"2025-02-06T13:12:30+00:00\",\"breadcrumb\":{\"@id\":\"https:\\\/\\\/namtor.eu\\\/de\\\/ueber-uns\\\/#breadcrumb\"},\"inLanguage\":\"de\",\"potentialAction\":[{\"@type\":\"ReadAction\",\"target\":[\"https:\\\/\\\/namtor.eu\\\/de\\\/ueber-uns\\\/\"]}]},{\"@type\":\"BreadcrumbList\",\"@id\":\"https:\\\/\\\/namtor.eu\\\/de\\\/ueber-uns\\\/#breadcrumb\",\"itemListElement\":[{\"@type\":\"ListItem\",\"position\":1,\"name\":\"Strona g\u0142\u00f3wna\",\"item\":\"https:\\\/\\\/namtor.eu\\\/\"},{\"@type\":\"ListItem\",\"position\":2,\"name\":\"\u00dcber uns\"}]},{\"@type\":\"WebSite\",\"@id\":\"https:\\\/\\\/namtor.eu\\\/#website\",\"url\":\"https:\\\/\\\/namtor.eu\\\/\",\"name\":\"NAMTOR\",\"description\":\"Budowa i modernizacja tor\u00f3w kolejowych\",\"publisher\":{\"@id\":\"https:\\\/\\\/namtor.eu\\\/#organization\"},\"potentialAction\":[{\"@type\":\"SearchAction\",\"target\":{\"@type\":\"EntryPoint\",\"urlTemplate\":\"https:\\\/\\\/namtor.eu\\\/?s={search_term_string}\"},\"query-input\":{\"@type\":\"PropertyValueSpecification\",\"valueRequired\":true,\"valueName\":\"search_term_string\"}}],\"inLanguage\":\"de\"},{\"@type\":\"Organization\",\"@id\":\"https:\\\/\\\/namtor.eu\\\/#organization\",\"name\":\"NAMTOR\",\"url\":\"https:\\\/\\\/namtor.eu\\\/\",\"logo\":{\"@type\":\"ImageObject\",\"inLanguage\":\"de\",\"@id\":\"https:\\\/\\\/namtor.eu\\\/#\\\/schema\\\/logo\\\/image\\\/\",\"url\":\"https:\\\/\\\/namtor.eu\\\/wp-content\\\/uploads\\\/logo-duze.png\",\"contentUrl\":\"https:\\\/\\\/namtor.eu\\\/wp-content\\\/uploads\\\/logo-duze.png\",\"width\":585,\"height\":585,\"caption\":\"NAMTOR\"},\"image\":{\"@id\":\"https:\\\/\\\/namtor.eu\\\/#\\\/schema\\\/logo\\\/image\\\/\"}}]}<\/script>\n<!-- \/ Yoast SEO plugin. -->","yoast_head_json":{"title":"\u00dcber uns - NAMTOR","robots":{"index":"index","follow":"follow","max-snippet":"max-snippet:-1","max-image-preview":"max-image-preview:large","max-video-preview":"max-video-preview:-1"},"canonical":"https:\/\/namtor.eu\/de\/ueber-uns\/","og_locale":"de_DE","og_type":"article","og_title":"\u00dcber uns - NAMTOR","og_description":"\u00dcber Uns &nbsp; NAMTOR ist seit 2019 auf dem Markt t\u00e4tig. Wir erbringen Dienstleistungen als Subunternehmer f\u00fcr den Bau und die Modernisierung von Eisenbahnanlagen. Wir f\u00fchren Auftr\u00e4ge in ganz Europa aus, sowohl f\u00fcr Gro\u00df- als auch f\u00fcr Kleinunternehmen. St\u00e4ndige Weiterbildung und die Personalentwicklung sind f\u00fcr uns von h\u00f6chster Priorit\u00e4t. Wir verf\u00fcgen \u00fcber einen voll ausgestatteten [&hellip;]","og_url":"https:\/\/namtor.eu\/de\/ueber-uns\/","og_site_name":"NAMTOR","article_modified_time":"2025-02-06T13:12:30+00:00","twitter_card":"summary_large_image","twitter_misc":{"Gesch\u00e4tzte Lesezeit":"1\u00a0Minute"},"schema":{"@context":"https:\/\/schema.org","@graph":[{"@type":"WebPage","@id":"https:\/\/namtor.eu\/de\/ueber-uns\/","url":"https:\/\/namtor.eu\/de\/ueber-uns\/","name":"\u00dcber uns - NAMTOR","isPartOf":{"@id":"https:\/\/namtor.eu\/#website"},"datePublished":"2023-03-27T06:00:44+00:00","dateModified":"2025-02-06T13:12:30+00:00","breadcrumb":{"@id":"https:\/\/namtor.eu\/de\/ueber-uns\/#breadcrumb"},"inLanguage":"de","potentialAction":[{"@type":"ReadAction","target":["https:\/\/namtor.eu\/de\/ueber-uns\/"]}]},{"@type":"BreadcrumbList","@id":"https:\/\/namtor.eu\/de\/ueber-uns\/#breadcrumb","itemListElement":[{"@type":"ListItem","position":1,"name":"Strona g\u0142\u00f3wna","item":"https:\/\/namtor.eu\/"},{"@type":"ListItem","position":2,"name":"\u00dcber uns"}]},{"@type":"WebSite","@id":"https:\/\/namtor.eu\/#website","url":"https:\/\/namtor.eu\/","name":"NAMTOR","description":"Budowa i modernizacja tor\u00f3w kolejowych","publisher":{"@id":"https:\/\/namtor.eu\/#organization"},"potentialAction":[{"@type":"SearchAction","target":{"@type":"EntryPoint","urlTemplate":"https:\/\/namtor.eu\/?s={search_term_string}"},"query-input":{"@type":"PropertyValueSpecification","valueRequired":true,"valueName":"search_term_string"}}],"inLanguage":"de"},{"@type":"Organization","@id":"https:\/\/namtor.eu\/#organization","name":"NAMTOR","url":"https:\/\/namtor.eu\/","logo":{"@type":"ImageObject","inLanguage":"de","@id":"https:\/\/namtor.eu\/#\/schema\/logo\/image\/","url":"https:\/\/namtor.eu\/wp-content\/uploads\/logo-duze.png","contentUrl":"https:\/\/namtor.eu\/wp-content\/uploads\/logo-duze.png","width":585,"height":585,"caption":"NAMTOR"},"image":{"@id":"https:\/\/namtor.eu\/#\/schema\/logo\/image\/"}}]}},"_links":{"self":[{"href":"https:\/\/namtor.eu\/de\/wp-json\/wp\/v2\/pages\/366","targetHints":{"allow":["GET"]}}],"collection":[{"href":"https:\/\/namtor.eu\/de\/wp-json\/wp\/v2\/pages"}],"about":[{"href":"https:\/\/namtor.eu\/de\/wp-json\/wp\/v2\/types\/page"}],"author":[{"embeddable":true,"href":"https:\/\/namtor.eu\/de\/wp-json\/wp\/v2\/users\/4"}],"replies":[{"embeddable":true,"href":"https:\/\/namtor.eu\/de\/wp-json\/wp\/v2\/comments?post=366"}],"version-history":[{"count":9,"href":"https:\/\/namtor.eu\/de\/wp-json\/wp\/v2\/pages\/366\/revisions"}],"predecessor-version":[{"id":729,"href":"https:\/\/namtor.eu\/de\/wp-json\/wp\/v2\/pages\/366\/revisions\/729"}],"wp:attachment":[{"href":"https:\/\/namtor.eu\/de\/wp-json\/wp\/v2\/media?parent=366"}],"curies":[{"name":"wp","href":"https:\/\/api.w.org\/{rel}","templated":true}]}}