{"id":376,"date":"2023-03-27T08:01:07","date_gmt":"2023-03-27T06:01:07","guid":{"rendered":"http:\/\/serwer2225748.home.pl\/namtor\/budowa-nawierzchni-kolejowej\/"},"modified":"2024-06-05T09:53:41","modified_gmt":"2024-06-05T07:53:41","slug":"oberbau","status":"publish","type":"page","link":"https:\/\/namtor.eu\/de\/oberbau\/","title":{"rendered":"Oberbau"},"content":{"rendered":"<p>[et_pb_section fb_built=&#8220;1&#8243; module_class=&#8220;sekcja-full&#8220; _builder_version=&#8220;4.20.2&#8243; _module_preset=&#8220;default&#8220; background_image=&#8220;https:\/\/namtor.eu\/wp-content\/uploads\/tlo_oferta1.jpg&#8220; parallax=&#8220;on&#8220; global_colors_info=&#8220;{}&#8220;][et_pb_row column_structure=&#8220;1_2,1_2&#8243; _builder_version=&#8220;4.20.2&#8243; _module_preset=&#8220;default&#8220; global_colors_info=&#8220;{}&#8220;][et_pb_column type=&#8220;1_2&#8243; _builder_version=&#8220;4.20.2&#8243; _module_preset=&#8220;default&#8220; global_colors_info=&#8220;{}&#8220;][et_pb_text module_class=&#8220;opis-podstrony punkty tresc-nawierzchnia&#8220; _builder_version=&#8220;4.25.1&#8243; _module_preset=&#8220;default&#8220; text_text_color=&#8220;#FFFFFF&#8220; header_text_color=&#8220;#FFFFFF&#8220; hover_enabled=&#8220;0&#8243; global_colors_info=&#8220;{}&#8220; sticky_enabled=&#8220;0&#8243;]<\/p>\n<h1>Oberbau<\/h1>\n<p>&nbsp;<\/p>\n<p>Im Bereich des Eisenbahnoberbaus bieten wir folgende Dienstleistungen an:<\/p>\n<ul>\n<li>Montage des Oberbaus<\/li>\n<li>Demontage des Oberbaus<\/li>\n<li>Montage von Weichen<\/li>\n<li>Austausch von Schwellen und Schienen<\/li>\n<li>Modernisierung von Gleisanschl\u00fcssen und Gleisen<\/li>\n<li>Modernisierung von Bahn\u00fcberg\u00e4ngen<\/li>\n<li>zus\u00e4tzliche Arbeiten im Zusammenhang mit der Sommer- und Winterinstandhaltung der Strecke.<\/li>\n<\/ul>\n<p>[\/et_pb_text][\/et_pb_column][et_pb_column type=&#8220;1_2&#8243; _builder_version=&#8220;4.20.2&#8243; _module_preset=&#8220;default&#8220; global_colors_info=&#8220;{}&#8220;][\/et_pb_column][\/et_pb_row][\/et_pb_section]<\/p>\n","protected":false},"excerpt":{"rendered":"<p>Oberbau &nbsp; Im Bereich des Eisenbahnoberbaus bieten wir folgende Dienstleistungen an: Montage des Oberbaus Demontage des Oberbaus Montage von Weichen Austausch von Schwellen und Schienen Modernisierung von Gleisanschl\u00fcssen und Gleisen Modernisierung von Bahn\u00fcberg\u00e4ngen zus\u00e4tzliche Arbeiten im Zusammenhang mit der Sommer- und Winterinstandhaltung der Strecke.<\/p>\n","protected":false},"author":4,"featured_media":0,"parent":0,"menu_order":0,"comment_status":"closed","ping_status":"closed","template":"","meta":{"_et_pb_use_builder":"on","_et_pb_old_content":"","_et_gb_content_width":"","footnotes":""},"class_list":["post-376","page","type-page","status-publish","hentry"],"yoast_head":"<!-- This site is optimized with the Yoast SEO plugin v27.3 - https:\/\/yoast.com\/product\/yoast-seo-wordpress\/ -->\n<title>Oberbau - NAMTOR<\/title>\n<meta name=\"robots\" content=\"index, follow, max-snippet:-1, max-image-preview:large, max-video-preview:-1\" \/>\n<link rel=\"canonical\" href=\"https:\/\/namtor.eu\/de\/oberbau\/\" \/>\n<meta property=\"og:locale\" content=\"de_DE\" \/>\n<meta property=\"og:type\" content=\"article\" \/>\n<meta property=\"og:title\" content=\"Oberbau - NAMTOR\" \/>\n<meta property=\"og:description\" content=\"Oberbau &nbsp; Im Bereich des Eisenbahnoberbaus bieten wir folgende Dienstleistungen an: Montage des Oberbaus Demontage des Oberbaus Montage von Weichen Austausch von Schwellen und Schienen Modernisierung von Gleisanschl\u00fcssen und Gleisen Modernisierung von Bahn\u00fcberg\u00e4ngen zus\u00e4tzliche Arbeiten im Zusammenhang mit der Sommer- und Winterinstandhaltung der Strecke.\" \/>\n<meta property=\"og:url\" content=\"https:\/\/namtor.eu\/de\/oberbau\/\" \/>\n<meta property=\"og:site_name\" content=\"NAMTOR\" \/>\n<meta property=\"article:modified_time\" content=\"2024-06-05T07:53:41+00:00\" \/>\n<meta name=\"twitter:card\" content=\"summary_large_image\" \/>\n<meta name=\"twitter:label1\" content=\"Gesch\u00e4tzte Lesezeit\" \/>\n\t<meta name=\"twitter:data1\" content=\"1\u00a0Minute\" \/>\n<script type=\"application\/ld+json\" class=\"yoast-schema-graph\">{\"@context\":\"https:\\\/\\\/schema.org\",\"@graph\":[{\"@type\":\"WebPage\",\"@id\":\"https:\\\/\\\/namtor.eu\\\/de\\\/oberbau\\\/\",\"url\":\"https:\\\/\\\/namtor.eu\\\/de\\\/oberbau\\\/\",\"name\":\"Oberbau - NAMTOR\",\"isPartOf\":{\"@id\":\"https:\\\/\\\/namtor.eu\\\/#website\"},\"datePublished\":\"2023-03-27T06:01:07+00:00\",\"dateModified\":\"2024-06-05T07:53:41+00:00\",\"breadcrumb\":{\"@id\":\"https:\\\/\\\/namtor.eu\\\/de\\\/oberbau\\\/#breadcrumb\"},\"inLanguage\":\"de\",\"potentialAction\":[{\"@type\":\"ReadAction\",\"target\":[\"https:\\\/\\\/namtor.eu\\\/de\\\/oberbau\\\/\"]}]},{\"@type\":\"BreadcrumbList\",\"@id\":\"https:\\\/\\\/namtor.eu\\\/de\\\/oberbau\\\/#breadcrumb\",\"itemListElement\":[{\"@type\":\"ListItem\",\"position\":1,\"name\":\"Strona g\u0142\u00f3wna\",\"item\":\"https:\\\/\\\/namtor.eu\\\/\"},{\"@type\":\"ListItem\",\"position\":2,\"name\":\"Oberbau\"}]},{\"@type\":\"WebSite\",\"@id\":\"https:\\\/\\\/namtor.eu\\\/#website\",\"url\":\"https:\\\/\\\/namtor.eu\\\/\",\"name\":\"NAMTOR\",\"description\":\"Budowa i modernizacja tor\u00f3w kolejowych\",\"publisher\":{\"@id\":\"https:\\\/\\\/namtor.eu\\\/#organization\"},\"potentialAction\":[{\"@type\":\"SearchAction\",\"target\":{\"@type\":\"EntryPoint\",\"urlTemplate\":\"https:\\\/\\\/namtor.eu\\\/?s={search_term_string}\"},\"query-input\":{\"@type\":\"PropertyValueSpecification\",\"valueRequired\":true,\"valueName\":\"search_term_string\"}}],\"inLanguage\":\"de\"},{\"@type\":\"Organization\",\"@id\":\"https:\\\/\\\/namtor.eu\\\/#organization\",\"name\":\"NAMTOR\",\"url\":\"https:\\\/\\\/namtor.eu\\\/\",\"logo\":{\"@type\":\"ImageObject\",\"inLanguage\":\"de\",\"@id\":\"https:\\\/\\\/namtor.eu\\\/#\\\/schema\\\/logo\\\/image\\\/\",\"url\":\"https:\\\/\\\/namtor.eu\\\/wp-content\\\/uploads\\\/logo-duze.png\",\"contentUrl\":\"https:\\\/\\\/namtor.eu\\\/wp-content\\\/uploads\\\/logo-duze.png\",\"width\":585,\"height\":585,\"caption\":\"NAMTOR\"},\"image\":{\"@id\":\"https:\\\/\\\/namtor.eu\\\/#\\\/schema\\\/logo\\\/image\\\/\"}}]}<\/script>\n<!-- \/ Yoast SEO plugin. -->","yoast_head_json":{"title":"Oberbau - NAMTOR","robots":{"index":"index","follow":"follow","max-snippet":"max-snippet:-1","max-image-preview":"max-image-preview:large","max-video-preview":"max-video-preview:-1"},"canonical":"https:\/\/namtor.eu\/de\/oberbau\/","og_locale":"de_DE","og_type":"article","og_title":"Oberbau - NAMTOR","og_description":"Oberbau &nbsp; Im Bereich des Eisenbahnoberbaus bieten wir folgende Dienstleistungen an: Montage des Oberbaus Demontage des Oberbaus Montage von Weichen Austausch von Schwellen und Schienen Modernisierung von Gleisanschl\u00fcssen und Gleisen Modernisierung von Bahn\u00fcberg\u00e4ngen zus\u00e4tzliche Arbeiten im Zusammenhang mit der Sommer- und Winterinstandhaltung der Strecke.","og_url":"https:\/\/namtor.eu\/de\/oberbau\/","og_site_name":"NAMTOR","article_modified_time":"2024-06-05T07:53:41+00:00","twitter_card":"summary_large_image","twitter_misc":{"Gesch\u00e4tzte Lesezeit":"1\u00a0Minute"},"schema":{"@context":"https:\/\/schema.org","@graph":[{"@type":"WebPage","@id":"https:\/\/namtor.eu\/de\/oberbau\/","url":"https:\/\/namtor.eu\/de\/oberbau\/","name":"Oberbau - NAMTOR","isPartOf":{"@id":"https:\/\/namtor.eu\/#website"},"datePublished":"2023-03-27T06:01:07+00:00","dateModified":"2024-06-05T07:53:41+00:00","breadcrumb":{"@id":"https:\/\/namtor.eu\/de\/oberbau\/#breadcrumb"},"inLanguage":"de","potentialAction":[{"@type":"ReadAction","target":["https:\/\/namtor.eu\/de\/oberbau\/"]}]},{"@type":"BreadcrumbList","@id":"https:\/\/namtor.eu\/de\/oberbau\/#breadcrumb","itemListElement":[{"@type":"ListItem","position":1,"name":"Strona g\u0142\u00f3wna","item":"https:\/\/namtor.eu\/"},{"@type":"ListItem","position":2,"name":"Oberbau"}]},{"@type":"WebSite","@id":"https:\/\/namtor.eu\/#website","url":"https:\/\/namtor.eu\/","name":"NAMTOR","description":"Budowa i modernizacja tor\u00f3w kolejowych","publisher":{"@id":"https:\/\/namtor.eu\/#organization"},"potentialAction":[{"@type":"SearchAction","target":{"@type":"EntryPoint","urlTemplate":"https:\/\/namtor.eu\/?s={search_term_string}"},"query-input":{"@type":"PropertyValueSpecification","valueRequired":true,"valueName":"search_term_string"}}],"inLanguage":"de"},{"@type":"Organization","@id":"https:\/\/namtor.eu\/#organization","name":"NAMTOR","url":"https:\/\/namtor.eu\/","logo":{"@type":"ImageObject","inLanguage":"de","@id":"https:\/\/namtor.eu\/#\/schema\/logo\/image\/","url":"https:\/\/namtor.eu\/wp-content\/uploads\/logo-duze.png","contentUrl":"https:\/\/namtor.eu\/wp-content\/uploads\/logo-duze.png","width":585,"height":585,"caption":"NAMTOR"},"image":{"@id":"https:\/\/namtor.eu\/#\/schema\/logo\/image\/"}}]}},"_links":{"self":[{"href":"https:\/\/namtor.eu\/de\/wp-json\/wp\/v2\/pages\/376","targetHints":{"allow":["GET"]}}],"collection":[{"href":"https:\/\/namtor.eu\/de\/wp-json\/wp\/v2\/pages"}],"about":[{"href":"https:\/\/namtor.eu\/de\/wp-json\/wp\/v2\/types\/page"}],"author":[{"embeddable":true,"href":"https:\/\/namtor.eu\/de\/wp-json\/wp\/v2\/users\/4"}],"replies":[{"embeddable":true,"href":"https:\/\/namtor.eu\/de\/wp-json\/wp\/v2\/comments?post=376"}],"version-history":[{"count":4,"href":"https:\/\/namtor.eu\/de\/wp-json\/wp\/v2\/pages\/376\/revisions"}],"predecessor-version":[{"id":600,"href":"https:\/\/namtor.eu\/de\/wp-json\/wp\/v2\/pages\/376\/revisions\/600"}],"wp:attachment":[{"href":"https:\/\/namtor.eu\/de\/wp-json\/wp\/v2\/media?parent=376"}],"curies":[{"name":"wp","href":"https:\/\/api.w.org\/{rel}","templated":true}]}}