{"id":427,"date":"2023-04-11T09:23:26","date_gmt":"2023-04-11T07:23:26","guid":{"rendered":"http:\/\/serwer2225748.home.pl\/namtor\/polityka-prywatnosci\/"},"modified":"2025-05-26T16:25:12","modified_gmt":"2025-05-26T14:25:12","slug":"datenschutzerklaerung","status":"publish","type":"page","link":"https:\/\/namtor.eu\/de\/datenschutzerklaerung\/","title":{"rendered":"Datenschutzerkl\u00e4rung"},"content":{"rendered":"<p>[et_pb_section fb_built=&#8220;1&#8243; module_class=&#8220;sekcja-half&#8220; _builder_version=&#8220;4.20.2&#8243; _module_preset=&#8220;default&#8220; background_image=&#8220;https:\/\/namtor.eu\/wp-content\/uploads\/tlo_oferta1.jpg&#8220; parallax=&#8220;on&#8220; global_colors_info=&#8220;{}&#8220;][et_pb_row _builder_version=&#8220;4.21.0&#8243; _module_preset=&#8220;default&#8220; global_colors_info=&#8220;{}&#8220;][et_pb_column type=&#8220;4_4&#8243; _builder_version=&#8220;4.20.2&#8243; _module_preset=&#8220;default&#8220; global_colors_info=&#8220;{}&#8220;][et_pb_text module_class=&#8220;opis-podstrony punkty tresc-nawierzchnia&#8220; _builder_version=&#8220;4.21.0&#8243; _module_preset=&#8220;default&#8220; text_text_color=&#8220;#FFFFFF&#8220; header_text_color=&#8220;#FFFFFF&#8220; global_colors_info=&#8220;{}&#8220;]<\/p>\n<h1>Datenschutzerkl\u00e4rung<\/h1>\n<p>[\/et_pb_text][\/et_pb_column][\/et_pb_row][\/et_pb_section][et_pb_section fb_built=&#8220;1&#8243; _builder_version=&#8220;4.20.2&#8243; _module_preset=&#8220;default&#8220; global_colors_info=&#8220;{}&#8220;][et_pb_row _builder_version=&#8220;4.20.2&#8243; _module_preset=&#8220;default&#8220; global_colors_info=&#8220;{}&#8220;][et_pb_column type=&#8220;4_4&#8243; _builder_version=&#8220;4.20.2&#8243; _module_preset=&#8220;default&#8220; global_colors_info=&#8220;{}&#8220;][et_pb_text _builder_version=&#8220;4.27.4&#8243; _module_preset=&#8220;default&#8220; hover_enabled=&#8220;0&#8243; global_colors_info=&#8220;{}&#8220; sticky_enabled=&#8220;0&#8243;]Datenschutzrichtlinie<\/p>\n<p>&nbsp;<\/p>\n<p><strong>\u00a71.\u00a0Allgemeine Informationen<\/strong><\/p>\n<ol>\n<li>Der Datenadministrator ist Ramzi Nameh, der seine Gesch\u00e4ftst\u00e4tigkeit unter dem Firmennamen Namtor P.S.A betreibt. NIP\u00a0(Steuer-ID): 7812071117, 52881128000000, KRS: 0001108688, Adresse: ul. Obornicka 309, 60-689 Pozna\u0144. Der Datenschutz wird im Einklang mit den Anforderungen der allgemeinen Gesetzgebung durchgef\u00fchrt und die Daten werden auf sicheren Servern gespeichert.<\/li>\n<li>F\u00fcr die Auslegung von Begriffen gilt das Glossar der Allgemeinen Gesch\u00e4ftsbedingungen oder die Beschreibung in der Datenschutzrichtlinie (wenn diese direkt aus der Beschreibung hervorgeht).<\/li>\n<li>Zum besseren Verst\u00e4ndnis der Datenschutzrichtlinie werden die Begriffe \u201eNutzer\u201c durch \u201eSie\u201c und \u201eAdministrator\u201c durch \u201ewir\u201c ersetzt. Der Begriff \u201eDSGVO\u201c bezieht sich auf die Verordnung (EU) 2016\/679 des Europ\u00e4ischen Parlaments und des Rates vom 27. April 2016 zum Schutz nat\u00fcrlicher Personen bei der Verarbeitung personenbezogener Daten, zum freien Datenverkehr und zur Aufhebung der Richtlinie 95\/46\/EG.<\/li>\n<li>Wir respektieren das Recht auf Privatsph\u00e4re und achten auf die Sicherheit der Daten. Zu diesem Zweck verwenden wir unter anderem sichere Protokolle zur Verschl\u00fcsselung des Internetverkehrs (SSL).<\/li>\n<li>Pers\u00f6nliche Daten, die Sie im Formular der Landingpage eingeben, werden vertraulich behandelt und sind nicht einsehbar.<\/li>\n<\/ol>\n<p>&nbsp;<\/p>\n<p><strong>\u00a72. Datenadministrator <\/strong><\/p>\n<ol>\n<li>Der Dienstanbieter ist der Administrator f\u00fcr die Daten seiner Kunden. Das bedeutet, dass wir Ihre Daten verarbeiten, wie z.B.: Name, Nachname, E-Mail-Adresse, Telefonnummer, IP-Adresse.<\/li>\n<li>Personenbezogene Daten werden verarbeitet:<br \/>\na. in \u00dcbereinstimmung mit der Datenschutzgesetzgebung<br \/>\nb) \u00dcbereinstimmung mit der implementierten Datenschutzrichtlinie<br \/>\nc) in dem Umfang und zu dem Zweck, der f\u00fcr die Begr\u00fcndung, inhaltliche Ausgestaltung, \u00c4nderung oder Beendigung des Vertragsverh\u00e4ltnisses und f\u00fcr die ordnungsgem\u00e4\u00dfe Abwicklung der elektronisch angebotenen Dienstleistungen erforderlich ist<br \/>\nc) soweit und solange es f\u00fcr die Erf\u00fcllung berechtigter Interessen (rechtlich begr\u00fcndeter Zwecke) erforderlich ist und die Verarbeitung nicht die Rechte und Freiheiten der betroffenen Person beeintr\u00e4chtigt.<\/li>\n<li>Jede betroffene Person (sofern wir der Administrator ihrer pers\u00f6nlichen Daten sind) hat das Recht auf Auskunft, Berichtigung, L\u00f6schung oder Einschr\u00e4nkung der Verarbeitung, auf Widerspruch und auf Beschwerde bei einer Aufsichtsbeh\u00f6rde.<\/li>\n<li>Die Kontaktaufnahme mit dem Datenverarbeiter in der Organisation des Dienstanbieters ist per E-Mail m\u00f6glich unter: <a href=\"mailto:administrator@namtor.eu\">administrator@namtor.eu<\/a><\/li>\n<li>Wir behalten uns vor, Ihre Daten nach Vertragsbeendigung oder Widerruf der Einwilligung nur zu verarbeiten, soweit dies zur Durchsetzung etwaiger Anspr\u00fcche erforderlich ist oder soweit wir nach nationalem, EU- oder internationalem Recht zur Aufbewahrung der Daten verpflichtet sind.<\/li>\n<li>Der Dienstanbieter ist berechtigt, personenbezogene Daten des Nutzers und sonstige Daten des Nutzers an die nach den einschl\u00e4gigen gesetzlichen Bestimmungen berechtigten Stellen (z.B. Strafverfolgungsbeh\u00f6rden) weiterzugeben.<\/li>\n<li>Personenbezogene Daten k\u00f6nnen gel\u00f6scht werden, wenn die Einwilligung widerrufen wird oder ein gesetzlich zul\u00e4ssiger Widerspruch gegen die Verarbeitung personenbezogener Daten eingelegt wird.<\/li>\n<li>Der Dienstanbieter darf personenbezogene Daten nur an nach geltendem Recht befugte Stellen weitergeben.<\/li>\n<li>Personenbezogene Daten werden nur von uns autorisierten Personen oder Auftragsverarbeitern, mit denen wir eng zusammenarbeiten, verarbeitet.<\/li>\n<\/ol>\n<p>&nbsp;<\/p>\n<p><strong>\u00a73. Cookies<\/strong><\/p>\n<ol>\n<li>Die Webseite <a href=\"http:\/\/www.namtor.eu\/\">http:\/\/www.namtor.eu\/<\/a> verwendet Cookies. Bei Cookies handelt es sich um kleine Textdateien, die vom Webserver verschickt und vom Browser gespeichert werden. Wenn sich der Browser erneut mit der Website verbindet, erkennt die Website den Ger\u00e4tetyp, von dem aus sich der Benutzer verbindet. Sie erm\u00f6glichen es, dass die in ihnen enthaltenen Informationen nur von dem Server gelesen werden k\u00f6nnen, der sie erstellt hat. Cookies erleichtern somit die Nutzung bereits besuchter Websites. Die gesammelten Informationen beziehen sich auf die IP-Adresse, die Art des verwendeten Browsers, die Sprache, die Art des Betriebssystems, den Internetdienstanbieter, die Uhrzeit und das Datum, den Standort und die Informationen, die \u00fcber das Kontaktformular an die Website gesendet werden.<\/li>\n<li>Wir verwenden die folgenden Cookies auf unserer Website:<br \/>\nSitzungscookies: werden auf dem Ger\u00e4t des Nutzers gespeichert und verbleiben dort, bis die Sitzung des jeweiligen Browsers endet. Danach werden die gespeicherten Informationen dauerhaft aus dem Speicher des Ger\u00e4ts gel\u00f6scht. Sitzungscookies erm\u00f6glichen es nicht, pers\u00f6nliche oder vertrauliche Informationen auf dem Ger\u00e4t des Nutzers zu sammeln. Permanente Cookies: Sie werden auf dem Ger\u00e4t des Nutzers gespeichert und verbleiben dort, bis sie gel\u00f6scht werden. Sie werden nicht vom Ger\u00e4t des Nutzers gel\u00f6scht, wenn die Browsersitzung endet oder das Ger\u00e4t ausgeschaltet wird. Der Mechanismus der permanenten Cookies erlaubt es nicht, pers\u00f6nliche Daten oder vertrauliche Informationen vom Ger\u00e4t des Nutzers zu sammeln.<br \/>\nDer Administrator verwendet benutzerdefinierte Cookies f\u00fcr die folgenden Zwecke:<br \/>\na) Konfiguration des Dienstes<br \/>\n\u2022 das Ger\u00e4t und den Standort des Internetnutzers zu erkennen und die Website entsprechend den individuellen Bed\u00fcrfnissen des Nutzers anzuzeigen;<br \/>\n\u2022 Schriftgr\u00f6\u00dfe, Website-Design, etc\u2026<br \/>\nb) Umsetzung der f\u00fcr die volle Funktionalit\u00e4t der Websites erforderlichen Prozesse<br \/>\n\u2022 die Anpassung des Inhalts der Webseiten an die Pr\u00e4ferenzen des Nutzers und die Optimierung der Nutzung der Seiten der Website. Diese Dateien erm\u00f6glichen es insbesondere, die grundlegenden Parameter des Ger\u00e4ts des Nutzers zu erkennen und eine an seine individuellen Bed\u00fcrfnisse angepasste Website anzuzeigen;<br \/>\nc) Analyse, Untersuchung und Auditing der Zielgruppe<br \/>\n\u2022 um anonyme Statistiken zu erstellen, die uns helfen zu verstehen, wie die Nutzer die Seiten der Website verwenden, und die es uns erm\u00f6glichen, die Struktur und den Inhalt der Website zu verbessern;<br \/>\nd) Gew\u00e4hrleistung der Sicherheit und Zuverl\u00e4ssigkeit des Dienstes<br \/>\nDer Administrator des Dienstes verwendet externe Cookies f\u00fcr die folgenden Zwecke:<br \/>\n\u2022 Erfassung von allgemeinen und anonymen statistischen Daten \u00fcber das Analysetool Google Analytics [Cookie-Administrator: Google Inc. mit Sitz in den USA].<br \/>\n\u2022 die Nutzung interaktiver Funktionen zur Bewerbung der Website \u00fcber das soziale Netzwerk Facebook.com [Cookie-Administrator: Facebook Inc. mit Sitz in den USA oder Facebook Ireland mit Sitz in Irland]<\/li>\n<li>M\u00f6glichkeit, die Bedingungen f\u00fcr die Speicherung oder den Zugriff auf Cookies festzulegen:<br \/>\na. Die Einstellungen f\u00fcr Cookies und die Bedingungen f\u00fcr die Speicherung und den Zugriff auf Cookies auf dem Ger\u00e4t des Nutzers k\u00f6nnen vom Nutzer jederzeit selbst\u00e4ndig ge\u00e4ndert werden. Der Nutzer kann die im vorstehenden Satz genannten Einstellungen \u00fcber die Einstellungen des Internetbrowsers oder \u00fcber die Konfiguration des Dienstes \u00e4ndern. Diese Einstellungen k\u00f6nnen insbesondere so ge\u00e4ndert werden, dass die automatische Behandlung von Cookies in den Einstellungen des Internetbrowsers blockiert wird oder dass der Nutzer jedes Mal informiert wird, wenn ein Cookie auf seinem Ger\u00e4t abgelegt wird. Ausf\u00fchrliche Informationen zu den M\u00f6glichkeiten und Methoden der Verwendung von Cookies finden Sie in den Einstellungen Ihrer Software (Webbrowser).<br \/>\nb. Der Nutzer kann \u00fcber die ihm zur Verf\u00fcgung stehenden Funktionen des von ihm genutzten Webbrowsers jederzeit die L\u00f6schung der Cookies veranlassen.<br \/>\nc. Die Einschr\u00e4nkung der Verwendung von Cookies kann einige Funktionen der Website beeintr\u00e4chtigen.<\/li>\n<\/ol>\n<p>&nbsp;<\/p>\n<p><strong>\u00a74. Ziele und Grundlage der Verarbeitung<\/strong><\/p>\n<p>Die Zwecke der Verarbeitung Ihrer Daten sind angegeben. Als Administrator werden wir Ihre Daten f\u00fcr folgende Zwecke verarbeiten:<\/p>\n<ol>\n<li>Annahme einer Bestellung, Abschluss und Erf\u00fcllung eines Vertrags (Erbringung von Dienstleistungen), Direktmarketing der angebotenen Dienstleistungen,<\/li>\n<li>unser berechtigtes Interesse an der Verarbeitung Ihrer Daten zur Geltendmachung, Aus\u00fcbung oder Verteidigung von Rechtsanspr\u00fcchen (Art. 6 Abs. 1 Bst. f DSGVO),<\/li>\n<li>zur Durchf\u00fchrung aller notwendigen Ma\u00dfnahmen im Zusammenhang mit der vollst\u00e4ndigen Gew\u00e4hrleistung der Sicherheit<\/li>\n<li>um Daten \u00fcber abgeschlossene Vertr\u00e4ge, erteilte Auftr\u00e4ge und Reklamationen zu archivieren,<\/li>\n<li>um Ihnen Antworten auf Ihre Kommentare, Briefe, Anfragen, Einw\u00e4nde und Beschwerden zukommen zu lassen,<\/li>\n<li>einige Ihrer Daten, wie z.B.: Name, Vorname, Ort, Bild auf Fotos und Videomaterial werden f\u00fcr andere Nutzer der Website und der sozialen Medien sichtbar sein.<\/li>\n<\/ol>\n<p>&nbsp;<\/p>\n<p><strong>\u00a75. Informationen zu Formularen <\/strong><\/p>\n<ol>\n<li>Im Rahmen des Dienstes werden Informationen gesammelt, die der Nutzer freiwillig zur Verf\u00fcgung stellt.<\/li>\n<li>Zus\u00e4tzlich werden Informationen \u00fcber die Verbindungsparameter (Zeitstempel, IP-Adresse) gespeichert.<\/li>\n<li>Die im Anmeldeformular angegebenen pers\u00f6nlichen Daten werden vom Administrator der Website in einem Register (DSGVO) gespeichert.<\/li>\n<li>Die Person, die das Anmeldeformular ausf\u00fcllt, hat jederzeit das Recht, auf die Verarbeitung der sie betreffenden Daten zuzugreifen, sie zu \u00e4ndern und ihre L\u00f6schung zu verlangen.<\/li>\n<\/ol>\n<p>&nbsp;<\/p>\n<p><strong>\u00a76. Einspruchsrecht<\/strong><\/p>\n<ol>\n<li>Sie haben jederzeit das Recht, der oben beschriebenen Verarbeitung Ihrer Daten zu widersprechen. Wir werden die Verarbeitung Ihrer Daten f\u00fcr diese Zwecke einstellen, es sei denn, wir k\u00f6nnen zwingende schutzw\u00fcrdige Gr\u00fcnde f\u00fcr die Verarbeitung Ihrer Daten nachweisen, die Ihre Interessen, Rechte und Freiheiten \u00fcberwiegen, oder Ihre Daten werden von uns zur Geltendmachung, Aus\u00fcbung oder Verteidigung von Rechtsanspr\u00fcchen ben\u00f6tigt.<\/li>\n<li>Sie haben jederzeit das Recht, der Verarbeitung Ihrer Daten f\u00fcr Zwecke des Direktmarketings zu widersprechen. Wenn Sie von diesem Recht Gebrauch machen, werden wir Ihre Daten nicht mehr zu diesem Zweck verarbeiten, bis Sie Ihre Einwilligung widerrufen.<\/li>\n<\/ol>\n<p>&nbsp;<\/p>\n<p><strong>\u00a77. Aufbewahrungsfrist f\u00fcr Daten<\/strong><\/p>\n<p>Wir verarbeiten Ihre personenbezogenen Daten, die sich aus abgeschlossenen Vertr\u00e4gen oder versendeten Schreiben ergeben:<\/p>\n<ol>\n<li>f\u00fcr den Zeitraum, in dem die Dienstleistungen erbracht werden<\/li>\n<li>f\u00fcr den Zeitraum, der f\u00fcr die Wahrung der Interessen des Verwalters erforderlich ist<\/li>\n<li>f\u00fcr den Zeitraum, f\u00fcr den die Einwilligung erteilt wurde<\/li>\n<li>f\u00fcr den Zeitraum, in dem die Firma Ramzi Nameh aufgrund gesetzlicher Vorschriften (z.B. Buchhaltungsgesetz) verpflichtet ist, die Daten gespeichert zu halten);<\/li>\n<\/ol>\n<p>&nbsp;<\/p>\n<p><strong>\u00a78. Empf\u00e4nger der Daten<\/strong><\/p>\n<p>Ihre Daten k\u00f6nnen weitergegeben werden an:<\/p>\n<ol>\n<li>1. kooperierende Unternehmen und Vertragspartner<\/li>\n<li>Kurier- und Postdienstleister, die Sie beliefern<\/li>\n<li>Anwaltskanzleien und Rechtsdienstleister, die von Ramzi Nameh beauftragt werden, z.B. zur F\u00fchrung von Rechtsstreitigkeiten;<\/li>\n<li>soziale Netzwerke, Zahlungsdienstleister, Unternehmen, die uns technisch unterst\u00fctzen<\/li>\n<li>an andere Institutionen, z.B. Versicherungen, die mit dem Administrator zusammenarbeiten<\/li>\n<li>an gesetzlich befugte Stellen oder Beh\u00f6rden;<\/li>\n<\/ol>\n<p>&nbsp;<\/p>\n<p><strong>\u00a79. Rechte der betroffenen Personen<\/strong><\/p>\n<p>Gem\u00e4\u00df der DSGVO haben Sie:<\/p>\n<ol>\n<li>das Recht auf Auskunft \u00fcber die Sie betreffenden Daten sowie das Recht, eine Kopie dieser Daten zu erhalten;<\/li>\n<li>das Recht auf Berichtigung (\u00c4nderung) Ihrer Daten<\/li>\n<li>das Recht auf L\u00f6schung Ihrer Daten, Einschr\u00e4nkung der Datenverarbeitung<\/li>\n<li>das Recht, der Verarbeitung Ihrer Daten zu widersprechen<\/li>\n<li>das Recht auf Daten\u00fcbertragbarkeit<\/li>\n<li>das Recht auf Beschwerde bei einer Aufsichtsbeh\u00f6rde.<\/li>\n<\/ol>\n<p>&nbsp;<\/p>\n<p><strong>\u00a710. Informationen zur Freiwilligkeit der Datenbereitstellung<\/strong><\/p>\n<p>Die Angabe der Daten ist freiwillig, jedoch f\u00fcr den Abschluss und die Erf\u00fcllung des Vertrages mit Ramzi Nameh, Betreiber der Website <a href=\"http:\/\/www.namtor.eu\/\">http:\/\/www.namtor.eu\/<\/a>, erforderlich<\/p>\n<p>&nbsp;<\/p>\n<p>&nbsp;[\/et_pb_text][\/et_pb_column][\/et_pb_row][\/et_pb_section]<\/p>\n","protected":false},"excerpt":{"rendered":"<p>Datenschutzerkl\u00e4rungDatenschutzrichtlinie &nbsp; \u00a71.\u00a0Allgemeine Informationen Der Datenadministrator ist Ramzi Nameh, der seine Gesch\u00e4ftst\u00e4tigkeit unter dem Firmennamen Namtor P.S.A betreibt. NIP\u00a0(Steuer-ID): 7812071117, 52881128000000, KRS: 0001108688, Adresse: ul. Obornicka 309, 60-689 Pozna\u0144. Der Datenschutz wird im Einklang mit den Anforderungen der allgemeinen Gesetzgebung durchgef\u00fchrt und die Daten werden auf sicheren Servern gespeichert. F\u00fcr die Auslegung von Begriffen gilt [&hellip;]<\/p>\n","protected":false},"author":4,"featured_media":0,"parent":0,"menu_order":0,"comment_status":"closed","ping_status":"closed","template":"","meta":{"_et_pb_use_builder":"on","_et_pb_old_content":"","_et_gb_content_width":"","footnotes":""},"class_list":["post-427","page","type-page","status-publish","hentry"],"yoast_head":"<!-- This site is optimized with the Yoast SEO plugin v27.3 - https:\/\/yoast.com\/product\/yoast-seo-wordpress\/ -->\n<title>Datenschutzerkl\u00e4rung - NAMTOR<\/title>\n<meta name=\"robots\" content=\"index, follow, max-snippet:-1, max-image-preview:large, max-video-preview:-1\" \/>\n<link rel=\"canonical\" href=\"https:\/\/namtor.eu\/de\/datenschutzerklaerung\/\" \/>\n<meta property=\"og:locale\" content=\"de_DE\" \/>\n<meta property=\"og:type\" content=\"article\" \/>\n<meta property=\"og:title\" content=\"Datenschutzerkl\u00e4rung - NAMTOR\" \/>\n<meta property=\"og:description\" content=\"Datenschutzerkl\u00e4rungDatenschutzrichtlinie &nbsp; \u00a71.\u00a0Allgemeine Informationen Der Datenadministrator ist Ramzi Nameh, der seine Gesch\u00e4ftst\u00e4tigkeit unter dem Firmennamen Namtor P.S.A betreibt. NIP\u00a0(Steuer-ID): 7812071117, 52881128000000, KRS: 0001108688, Adresse: ul. Obornicka 309, 60-689 Pozna\u0144. Der Datenschutz wird im Einklang mit den Anforderungen der allgemeinen Gesetzgebung durchgef\u00fchrt und die Daten werden auf sicheren Servern gespeichert. F\u00fcr die Auslegung von Begriffen gilt [&hellip;]\" \/>\n<meta property=\"og:url\" content=\"https:\/\/namtor.eu\/de\/datenschutzerklaerung\/\" \/>\n<meta property=\"og:site_name\" content=\"NAMTOR\" \/>\n<meta property=\"article:modified_time\" content=\"2025-05-26T14:25:12+00:00\" \/>\n<meta name=\"twitter:card\" content=\"summary_large_image\" \/>\n<meta name=\"twitter:label1\" content=\"Gesch\u00e4tzte Lesezeit\" \/>\n\t<meta name=\"twitter:data1\" content=\"9\u00a0Minuten\" \/>\n<script type=\"application\/ld+json\" class=\"yoast-schema-graph\">{\"@context\":\"https:\\\/\\\/schema.org\",\"@graph\":[{\"@type\":\"WebPage\",\"@id\":\"https:\\\/\\\/namtor.eu\\\/de\\\/datenschutzerklaerung\\\/\",\"url\":\"https:\\\/\\\/namtor.eu\\\/de\\\/datenschutzerklaerung\\\/\",\"name\":\"Datenschutzerkl\u00e4rung - NAMTOR\",\"isPartOf\":{\"@id\":\"https:\\\/\\\/namtor.eu\\\/#website\"},\"datePublished\":\"2023-04-11T07:23:26+00:00\",\"dateModified\":\"2025-05-26T14:25:12+00:00\",\"breadcrumb\":{\"@id\":\"https:\\\/\\\/namtor.eu\\\/de\\\/datenschutzerklaerung\\\/#breadcrumb\"},\"inLanguage\":\"de\",\"potentialAction\":[{\"@type\":\"ReadAction\",\"target\":[\"https:\\\/\\\/namtor.eu\\\/de\\\/datenschutzerklaerung\\\/\"]}]},{\"@type\":\"BreadcrumbList\",\"@id\":\"https:\\\/\\\/namtor.eu\\\/de\\\/datenschutzerklaerung\\\/#breadcrumb\",\"itemListElement\":[{\"@type\":\"ListItem\",\"position\":1,\"name\":\"Strona g\u0142\u00f3wna\",\"item\":\"https:\\\/\\\/namtor.eu\\\/\"},{\"@type\":\"ListItem\",\"position\":2,\"name\":\"Datenschutzerkl\u00e4rung\"}]},{\"@type\":\"WebSite\",\"@id\":\"https:\\\/\\\/namtor.eu\\\/#website\",\"url\":\"https:\\\/\\\/namtor.eu\\\/\",\"name\":\"NAMTOR\",\"description\":\"Budowa i modernizacja tor\u00f3w kolejowych\",\"publisher\":{\"@id\":\"https:\\\/\\\/namtor.eu\\\/#organization\"},\"potentialAction\":[{\"@type\":\"SearchAction\",\"target\":{\"@type\":\"EntryPoint\",\"urlTemplate\":\"https:\\\/\\\/namtor.eu\\\/?s={search_term_string}\"},\"query-input\":{\"@type\":\"PropertyValueSpecification\",\"valueRequired\":true,\"valueName\":\"search_term_string\"}}],\"inLanguage\":\"de\"},{\"@type\":\"Organization\",\"@id\":\"https:\\\/\\\/namtor.eu\\\/#organization\",\"name\":\"NAMTOR\",\"url\":\"https:\\\/\\\/namtor.eu\\\/\",\"logo\":{\"@type\":\"ImageObject\",\"inLanguage\":\"de\",\"@id\":\"https:\\\/\\\/namtor.eu\\\/#\\\/schema\\\/logo\\\/image\\\/\",\"url\":\"https:\\\/\\\/namtor.eu\\\/wp-content\\\/uploads\\\/logo-duze.png\",\"contentUrl\":\"https:\\\/\\\/namtor.eu\\\/wp-content\\\/uploads\\\/logo-duze.png\",\"width\":585,\"height\":585,\"caption\":\"NAMTOR\"},\"image\":{\"@id\":\"https:\\\/\\\/namtor.eu\\\/#\\\/schema\\\/logo\\\/image\\\/\"}}]}<\/script>\n<!-- \/ Yoast SEO plugin. -->","yoast_head_json":{"title":"Datenschutzerkl\u00e4rung - NAMTOR","robots":{"index":"index","follow":"follow","max-snippet":"max-snippet:-1","max-image-preview":"max-image-preview:large","max-video-preview":"max-video-preview:-1"},"canonical":"https:\/\/namtor.eu\/de\/datenschutzerklaerung\/","og_locale":"de_DE","og_type":"article","og_title":"Datenschutzerkl\u00e4rung - NAMTOR","og_description":"Datenschutzerkl\u00e4rungDatenschutzrichtlinie &nbsp; \u00a71.\u00a0Allgemeine Informationen Der Datenadministrator ist Ramzi Nameh, der seine Gesch\u00e4ftst\u00e4tigkeit unter dem Firmennamen Namtor P.S.A betreibt. NIP\u00a0(Steuer-ID): 7812071117, 52881128000000, KRS: 0001108688, Adresse: ul. Obornicka 309, 60-689 Pozna\u0144. Der Datenschutz wird im Einklang mit den Anforderungen der allgemeinen Gesetzgebung durchgef\u00fchrt und die Daten werden auf sicheren Servern gespeichert. F\u00fcr die Auslegung von Begriffen gilt [&hellip;]","og_url":"https:\/\/namtor.eu\/de\/datenschutzerklaerung\/","og_site_name":"NAMTOR","article_modified_time":"2025-05-26T14:25:12+00:00","twitter_card":"summary_large_image","twitter_misc":{"Gesch\u00e4tzte Lesezeit":"9\u00a0Minuten"},"schema":{"@context":"https:\/\/schema.org","@graph":[{"@type":"WebPage","@id":"https:\/\/namtor.eu\/de\/datenschutzerklaerung\/","url":"https:\/\/namtor.eu\/de\/datenschutzerklaerung\/","name":"Datenschutzerkl\u00e4rung - NAMTOR","isPartOf":{"@id":"https:\/\/namtor.eu\/#website"},"datePublished":"2023-04-11T07:23:26+00:00","dateModified":"2025-05-26T14:25:12+00:00","breadcrumb":{"@id":"https:\/\/namtor.eu\/de\/datenschutzerklaerung\/#breadcrumb"},"inLanguage":"de","potentialAction":[{"@type":"ReadAction","target":["https:\/\/namtor.eu\/de\/datenschutzerklaerung\/"]}]},{"@type":"BreadcrumbList","@id":"https:\/\/namtor.eu\/de\/datenschutzerklaerung\/#breadcrumb","itemListElement":[{"@type":"ListItem","position":1,"name":"Strona g\u0142\u00f3wna","item":"https:\/\/namtor.eu\/"},{"@type":"ListItem","position":2,"name":"Datenschutzerkl\u00e4rung"}]},{"@type":"WebSite","@id":"https:\/\/namtor.eu\/#website","url":"https:\/\/namtor.eu\/","name":"NAMTOR","description":"Budowa i modernizacja tor\u00f3w kolejowych","publisher":{"@id":"https:\/\/namtor.eu\/#organization"},"potentialAction":[{"@type":"SearchAction","target":{"@type":"EntryPoint","urlTemplate":"https:\/\/namtor.eu\/?s={search_term_string}"},"query-input":{"@type":"PropertyValueSpecification","valueRequired":true,"valueName":"search_term_string"}}],"inLanguage":"de"},{"@type":"Organization","@id":"https:\/\/namtor.eu\/#organization","name":"NAMTOR","url":"https:\/\/namtor.eu\/","logo":{"@type":"ImageObject","inLanguage":"de","@id":"https:\/\/namtor.eu\/#\/schema\/logo\/image\/","url":"https:\/\/namtor.eu\/wp-content\/uploads\/logo-duze.png","contentUrl":"https:\/\/namtor.eu\/wp-content\/uploads\/logo-duze.png","width":585,"height":585,"caption":"NAMTOR"},"image":{"@id":"https:\/\/namtor.eu\/#\/schema\/logo\/image\/"}}]}},"_links":{"self":[{"href":"https:\/\/namtor.eu\/de\/wp-json\/wp\/v2\/pages\/427","targetHints":{"allow":["GET"]}}],"collection":[{"href":"https:\/\/namtor.eu\/de\/wp-json\/wp\/v2\/pages"}],"about":[{"href":"https:\/\/namtor.eu\/de\/wp-json\/wp\/v2\/types\/page"}],"author":[{"embeddable":true,"href":"https:\/\/namtor.eu\/de\/wp-json\/wp\/v2\/users\/4"}],"replies":[{"embeddable":true,"href":"https:\/\/namtor.eu\/de\/wp-json\/wp\/v2\/comments?post=427"}],"version-history":[{"count":5,"href":"https:\/\/namtor.eu\/de\/wp-json\/wp\/v2\/pages\/427\/revisions"}],"predecessor-version":[{"id":846,"href":"https:\/\/namtor.eu\/de\/wp-json\/wp\/v2\/pages\/427\/revisions\/846"}],"wp:attachment":[{"href":"https:\/\/namtor.eu\/de\/wp-json\/wp\/v2\/media?parent=427"}],"curies":[{"name":"wp","href":"https:\/\/api.w.org\/{rel}","templated":true}]}}